{"id":7079,"date":"2020-11-19T18:32:55","date_gmt":"2020-11-19T18:32:55","guid":{"rendered":"https:\/\/danganronpamerch.com\/?page_id=7079"},"modified":"2020-11-19T19:38:51","modified_gmt":"2020-11-19T19:38:51","slug":"free-gift","status":"publish","type":"page","link":"https:\/\/danganronpamerch.com\/vi\/mon-qua-mien-phi\/","title":{"rendered":"\ud83c\udf81 Tr\u1ea3 th\u00f9 Virus b\u1eb1ng m\u1eb7t n\u1ea1 MI\u1ec4N PH\u00cd"},"content":{"rendered":"<div data-elementor-type=\"wp-page\" data-elementor-id=\"7079\" class=\"elementor elementor-7079\" data-elementor-post-type=\"page\">\n\t\t\t\t\t\t<section class=\"elementor-section elementor-top-section elementor-element elementor-element-d88c635 elementor-section-boxed elementor-section-height-default elementor-section-height-default\" data-id=\"d88c635\" data-element_type=\"section\">\n\t\t\t\t\t\t<div class=\"elementor-container elementor-column-gap-default\">\n\t\t\t\t\t<div class=\"elementor-column elementor-col-100 elementor-top-column elementor-element elementor-element-60d6d7d\" data-id=\"60d6d7d\" data-element_type=\"column\">\n\t\t\t<div class=\"elementor-widget-wrap elementor-element-populated\">\n\t\t\t\t\t\t<div class=\"elementor-element elementor-element-7be80e7 elementor-widget elementor-widget-image\" data-id=\"7be80e7\" data-element_type=\"widget\" data-widget_type=\"image.default\">\n\t\t\t\t<div class=\"elementor-widget-container\">\n\t\t\t\t\t\t\t\t\t\t\t\t\t<img fetchpriority=\"high\" decoding=\"async\" width=\"1024\" height=\"576\" src=\"https:\/\/danganronpamerch.com\/wp-content\/uploads\/2020\/11\/Free-Mask-Banner-2-1024x576.jpg\" class=\"attachment-large size-large wp-image-7124\" alt=\"-\" srcset=\"https:\/\/danganronpamerch.com\/wp-content\/uploads\/2020\/11\/Free-Mask-Banner-2-1024x576.jpg 1024w, https:\/\/danganronpamerch.com\/wp-content\/uploads\/2020\/11\/Free-Mask-Banner-2-300x169.jpg 300w, https:\/\/danganronpamerch.com\/wp-content\/uploads\/2020\/11\/Free-Mask-Banner-2-150x84.jpg 150w, https:\/\/danganronpamerch.com\/wp-content\/uploads\/2020\/11\/Free-Mask-Banner-2-600x338.jpg 600w, https:\/\/danganronpamerch.com\/wp-content\/uploads\/2020\/11\/Free-Mask-Banner-2-768x432.jpg 768w, https:\/\/danganronpamerch.com\/wp-content\/uploads\/2020\/11\/Free-Mask-Banner-2-1536x864.jpg 1536w, https:\/\/danganronpamerch.com\/wp-content\/uploads\/2020\/11\/Free-Mask-Banner-2.jpg 1600w\" sizes=\"(max-width: 360px) 147px, (max-width: 1024px) 100vw, 1024px\" title=\"-\">\t\t\t\t\t\t\t\t\t\t\t\t\t<\/div>\n\t\t\t\t<\/div>\n\t\t\t\t<div class=\"elementor-element elementor-element-61fca3b elementor-widget elementor-widget-text-editor\" data-id=\"61fca3b\" data-element_type=\"widget\" data-widget_type=\"text-editor.default\">\n\t\t\t\t<div class=\"elementor-widget-container\">\n\t\t\t\t\t\t\t<h4><span style=\"color: #ff6600;\">B\u01b0\u1edbc 1:<\/span> Chia s\u1ebb b\u00e0i \u0111\u0103ng n\u00e0y \u0111\u1ec3 Nh\u1eadn phi\u1ebfu gi\u1ea3m gi\u00e1 \u0111\u1eb7c bi\u1ec7t c\u1ee7a b\u1ea1n<\/h4>\t\t\t\t\t\t<\/div>\n\t\t\t\t<\/div>\n\t\t\t\t<section class=\"elementor-section elementor-inner-section elementor-element elementor-element-5e36af3 elementor-section-boxed elementor-section-height-default elementor-section-height-default\" data-id=\"5e36af3\" data-element_type=\"section\">\n\t\t\t\t\t\t<div class=\"elementor-container elementor-column-gap-default\">\n\t\t\t\t\t<div class=\"elementor-column elementor-col-50 elementor-inner-column elementor-element elementor-element-4e9966b\" data-id=\"4e9966b\" data-element_type=\"column\">\n\t\t\t<div class=\"elementor-widget-wrap elementor-element-populated\">\n\t\t\t\t\t\t<div class=\"elementor-element elementor-element-f559799 elementor-share-buttons--view-icon elementor-share-buttons--shape-rounded elementor-share-buttons--skin-gradient elementor-grid-0 elementor-share-buttons--color-official elementor-widget elementor-widget-share-buttons\" data-id=\"f559799\" data-element_type=\"widget\" data-widget_type=\"share-buttons.default\">\n\t\t\t\t<div class=\"elementor-widget-container\">\n\t\t\t\t\t<div class=\"elementor-grid\">\n\t\t\t\t\t\t\t\t<div class=\"elementor-grid-item\">\n\t\t\t\t\t\t<div\n\t\t\t\t\t\t\tclass=\"elementor-share-btn elementor-share-btn_facebook\"\n\t\t\t\t\t\t\trole=\"button\"\n\t\t\t\t\t\t\ttabindex=\"0\"\n\t\t\t\t\t\t\taria-label=\"Chia s\u1ebb tr\u00ean facebook\"\n\t\t\t\t\t\t>\n\t\t\t\t\t\t\t\t\t\t\t\t\t\t\t<span class=\"elementor-share-btn__icon\">\n\t\t\t\t\t\t\t\t<i class=\"fab fa-facebook\" aria-hidden=\"true\"><\/i>\t\t\t\t\t\t\t<\/span>\n\t\t\t\t\t\t\t\t\t\t\t\t\t\t\t\t\t\t\t\t<\/div>\n\t\t\t\t\t<\/div>\n\t\t\t\t\t\t\t\t\t<div class=\"elementor-grid-item\">\n\t\t\t\t\t\t<div\n\t\t\t\t\t\t\tclass=\"elementor-share-btn elementor-share-btn_twitter\"\n\t\t\t\t\t\t\trole=\"button\"\n\t\t\t\t\t\t\ttabindex=\"0\"\n\t\t\t\t\t\t\taria-label=\"Chia s\u1ebd tr\u00ean Twitter\"\n\t\t\t\t\t\t>\n\t\t\t\t\t\t\t\t\t\t\t\t\t\t\t<span class=\"elementor-share-btn__icon\">\n\t\t\t\t\t\t\t\t<i class=\"fab fa-twitter\" aria-hidden=\"true\"><\/i>\t\t\t\t\t\t\t<\/span>\n\t\t\t\t\t\t\t\t\t\t\t\t\t\t\t\t\t\t\t\t<\/div>\n\t\t\t\t\t<\/div>\n\t\t\t\t\t\t\t\t\t<div class=\"elementor-grid-item\">\n\t\t\t\t\t\t<div\n\t\t\t\t\t\t\tclass=\"elementor-share-btn elementor-share-btn_linkedin\"\n\t\t\t\t\t\t\trole=\"button\"\n\t\t\t\t\t\t\ttabindex=\"0\"\n\t\t\t\t\t\t\taria-label=\"Chia s\u1ebb tr\u00ean linkedin\"\n\t\t\t\t\t\t>\n\t\t\t\t\t\t\t\t\t\t\t\t\t\t\t<span class=\"elementor-share-btn__icon\">\n\t\t\t\t\t\t\t\t<i class=\"fab fa-linkedin\" aria-hidden=\"true\"><\/i>\t\t\t\t\t\t\t<\/span>\n\t\t\t\t\t\t\t\t\t\t\t\t\t\t\t\t\t\t\t\t<\/div>\n\t\t\t\t\t<\/div>\n\t\t\t\t\t\t\t\t\t<div class=\"elementor-grid-item\">\n\t\t\t\t\t\t<div\n\t\t\t\t\t\t\tclass=\"elementor-share-btn elementor-share-btn_email\"\n\t\t\t\t\t\t\trole=\"button\"\n\t\t\t\t\t\t\ttabindex=\"0\"\n\t\t\t\t\t\t\taria-label=\"Chia s\u1ebb tr\u00ean email\"\n\t\t\t\t\t\t>\n\t\t\t\t\t\t\t\t\t\t\t\t\t\t\t<span class=\"elementor-share-btn__icon\">\n\t\t\t\t\t\t\t\t<i class=\"fas fa-envelope\" aria-hidden=\"true\"><\/i>\t\t\t\t\t\t\t<\/span>\n\t\t\t\t\t\t\t\t\t\t\t\t\t\t\t\t\t\t\t\t<\/div>\n\t\t\t\t\t<\/div>\n\t\t\t\t\t\t\t\t\t<div class=\"elementor-grid-item\">\n\t\t\t\t\t\t<div\n\t\t\t\t\t\t\tclass=\"elementor-share-btn elementor-share-btn_tumblr\"\n\t\t\t\t\t\t\trole=\"button\"\n\t\t\t\t\t\t\ttabindex=\"0\"\n\t\t\t\t\t\t\taria-label=\"Chia s\u1ebb tr\u00ean tumblr\"\n\t\t\t\t\t\t>\n\t\t\t\t\t\t\t\t\t\t\t\t\t\t\t<span class=\"elementor-share-btn__icon\">\n\t\t\t\t\t\t\t\t<i class=\"fab fa-tumblr\" aria-hidden=\"true\"><\/i>\t\t\t\t\t\t\t<\/span>\n\t\t\t\t\t\t\t\t\t\t\t\t\t\t\t\t\t\t\t\t<\/div>\n\t\t\t\t\t<\/div>\n\t\t\t\t\t\t\t\t\t<div class=\"elementor-grid-item\">\n\t\t\t\t\t\t<div\n\t\t\t\t\t\t\tclass=\"elementor-share-btn elementor-share-btn_reddit\"\n\t\t\t\t\t\t\trole=\"button\"\n\t\t\t\t\t\t\ttabindex=\"0\"\n\t\t\t\t\t\t\taria-label=\"Chia s\u1ebb tr\u00ean reddit\"\n\t\t\t\t\t\t>\n\t\t\t\t\t\t\t\t\t\t\t\t\t\t\t<span class=\"elementor-share-btn__icon\">\n\t\t\t\t\t\t\t\t<i class=\"fab fa-reddit\" aria-hidden=\"true\"><\/i>\t\t\t\t\t\t\t<\/span>\n\t\t\t\t\t\t\t\t\t\t\t\t\t\t\t\t\t\t\t\t<\/div>\n\t\t\t\t\t<\/div>\n\t\t\t\t\t\t\t\t\t<div class=\"elementor-grid-item\">\n\t\t\t\t\t\t<div\n\t\t\t\t\t\t\tclass=\"elementor-share-btn elementor-share-btn_telegram\"\n\t\t\t\t\t\t\trole=\"button\"\n\t\t\t\t\t\t\ttabindex=\"0\"\n\t\t\t\t\t\t\taria-label=\"Chia s\u1ebb tr\u00ean telegram\"\n\t\t\t\t\t\t>\n\t\t\t\t\t\t\t\t\t\t\t\t\t\t\t<span class=\"elementor-share-btn__icon\">\n\t\t\t\t\t\t\t\t<i class=\"fab fa-telegram\" aria-hidden=\"true\"><\/i>\t\t\t\t\t\t\t<\/span>\n\t\t\t\t\t\t\t\t\t\t\t\t\t\t\t\t\t\t\t\t<\/div>\n\t\t\t\t\t<\/div>\n\t\t\t\t\t\t\t\t\t<div class=\"elementor-grid-item\">\n\t\t\t\t\t\t<div\n\t\t\t\t\t\t\tclass=\"elementor-share-btn elementor-share-btn_pinterest\"\n\t\t\t\t\t\t\trole=\"button\"\n\t\t\t\t\t\t\ttabindex=\"0\"\n\t\t\t\t\t\t\taria-label=\"Chia s\u1ebb tr\u00ean pinterest\"\n\t\t\t\t\t\t>\n\t\t\t\t\t\t\t\t\t\t\t\t\t\t\t<span class=\"elementor-share-btn__icon\">\n\t\t\t\t\t\t\t\t<i class=\"fab fa-pinterest\" aria-hidden=\"true\"><\/i>\t\t\t\t\t\t\t<\/span>\n\t\t\t\t\t\t\t\t\t\t\t\t\t\t\t\t\t\t\t\t<\/div>\n\t\t\t\t\t<\/div>\n\t\t\t\t\t\t\t\t\t<div class=\"elementor-grid-item\">\n\t\t\t\t\t\t<div\n\t\t\t\t\t\t\tclass=\"elementor-share-btn elementor-share-btn_whatsapp\"\n\t\t\t\t\t\t\trole=\"button\"\n\t\t\t\t\t\t\ttabindex=\"0\"\n\t\t\t\t\t\t\taria-label=\"Chia s\u1ebb tr\u00ean whatsapp\"\n\t\t\t\t\t\t>\n\t\t\t\t\t\t\t\t\t\t\t\t\t\t\t<span class=\"elementor-share-btn__icon\">\n\t\t\t\t\t\t\t\t<i class=\"fab fa-whatsapp\" aria-hidden=\"true\"><\/i>\t\t\t\t\t\t\t<\/span>\n\t\t\t\t\t\t\t\t\t\t\t\t\t\t\t\t\t\t\t\t<\/div>\n\t\t\t\t\t<\/div>\n\t\t\t\t\t\t<\/div>\n\t\t\t\t<\/div>\n\t\t\t\t<\/div>\n\t\t\t\t\t<\/div>\n\t\t<\/div>\n\t\t\t\t<div class=\"elementor-column elementor-col-50 elementor-inner-column elementor-element elementor-element-b2197f4\" data-id=\"b2197f4\" data-element_type=\"column\">\n\t\t\t<div class=\"elementor-widget-wrap elementor-element-populated\">\n\t\t\t\t\t\t<div class=\"elementor-element elementor-element-14f6f24 elementor-flip-box--3d elementor-flip-box--effect-flip elementor-flip-box--direction-up elementor-widget elementor-widget-flip-box\" data-id=\"14f6f24\" data-element_type=\"widget\" data-widget_type=\"flip-box.default\">\n\t\t\t\t<div class=\"elementor-widget-container\">\n\t\t\t\t\t<div class=\"elementor-flip-box\" tabindex=\"0\">\n\t\t\t<div class=\"elementor-flip-box__layer elementor-flip-box__front\">\n\t\t\t\t<div class=\"elementor-flip-box__layer__overlay\">\n\t\t\t\t\t<div class=\"elementor-flip-box__layer__inner\">\n\t\t\t\t\t\t\n\t\t\t\t\t\t\t\t\t\t\t\t\t<h3 class=\"elementor-flip-box__layer__title\">\n\t\t\t\t\t\t\t\tNH\u1ea4P V\u00c0O \u0110\u00c2Y \u0110\u1ec2 NH\u1eacN COUPON\t\t\t\t\t\t\t<\/h3>\n\t\t\t\t\t\t\n\t\t\t\t\t\t\t\t\t\t\t<\/div>\n\t\t\t\t<\/div>\n\t\t\t<\/div>\n\t\t\t<div class=\"elementor-flip-box__layer elementor-flip-box__back\">\n\t\t\t<div class=\"elementor-flip-box__layer__overlay\">\n\t\t\t\t<div class=\"elementor-flip-box__layer__inner\">\n\t\t\t\t\t\t\t\t\t\t\t<h3 class=\"elementor-flip-box__layer__title\">\n\t\t\t\t\t\t\tFREEMASK2021\t\t\t\t\t\t<\/h3>\n\t\t\t\t\t\n\t\t\t\t\t\t\t\t\t\t\t<div class=\"elementor-flip-box__layer__description\">\n\t\t\t\t\t\t\tL\u01b0u \u00fd: B\u1ea1n ch\u1ec9 c\u00f3 th\u1ec3 s\u1eed d\u1ee5ng m\u1ed9t l\u1ea7n cho m\u1ed7i ng\u01b0\u1eddi.\t\t\t\t\t\t<\/div>\n\t\t\t\t\t\n\t\t\t\t\t\t\t\t<\/div>\n\t\t<\/div>\n\t\t<\/div>\n\t\t<\/div>\n\t\t\t\t<\/div>\n\t\t\t\t<\/div>\n\t\t\t\t\t<\/div>\n\t\t<\/div>\n\t\t\t\t\t<\/div>\n\t\t<\/section>\n\t\t\t\t\t<\/div>\n\t\t<\/div>\n\t\t\t\t\t<\/div>\n\t\t<\/section>\n\t\t\t\t<section class=\"elementor-section elementor-top-section elementor-element elementor-element-b290b21 elementor-section-boxed elementor-section-height-default elementor-section-height-default\" data-id=\"b290b21\" data-element_type=\"section\">\n\t\t\t\t\t\t<div class=\"elementor-container elementor-column-gap-default\">\n\t\t\t\t\t<div class=\"elementor-column elementor-col-100 elementor-top-column elementor-element elementor-element-867f59a\" data-id=\"867f59a\" data-element_type=\"column\">\n\t\t\t<div class=\"elementor-widget-wrap elementor-element-populated\">\n\t\t\t\t\t\t<div class=\"elementor-element elementor-element-4715820 elementor-widget elementor-widget-text-editor\" data-id=\"4715820\" data-element_type=\"widget\" data-widget_type=\"text-editor.default\">\n\t\t\t\t<div class=\"elementor-widget-container\">\n\t\t\t\t\t\t\t<h4><span style=\"color: #ff6600;\">B\u01b0\u1edbc 2:<\/span> Ch\u1ecdn m\u1eb7t n\u1ea1 c\u1ee7a b\u1ea1n v\u00e0 \u00e1p d\u1ee5ng phi\u1ebfu gi\u1ea3m gi\u00e1 c\u1ee7a b\u1ea1n <a href=\"https:\/\/danganronpamerch.com\/vi\/checkout\/\">Trang thanh to\u00e1n<\/a>.\u00a0<\/h4><p style=\"text-align: center;\"><span style=\"color: #ff0000;\"><strong>Ghi ch\u00fa<\/strong>: B\u1ea1n ch\u1ec9 c\u00f3 th\u1ec3 nh\u1eadn \u0111\u01b0\u1ee3c 1 m\u1eb7t n\u1ea1 Mi\u1ec5n ph\u00ed cho m\u1ed7i \u0111\u01a1n h\u00e0ng.<\/span><\/p>\t\t\t\t\t\t<\/div>\n\t\t\t\t<\/div>\n\t\t\t\t<div class=\"elementor-element elementor-element-adb80b1 elementor-widget elementor-widget-text-editor\" data-id=\"adb80b1\" data-element_type=\"widget\" data-widget_type=\"text-editor.default\">\n\t\t\t\t<div class=\"elementor-widget-container\">\n\t\t\t\t\t\t\t<h4 style=\"text-align: center;\"><span style=\"color: #ffcc00;\">Ch\u00fac b\u1ea1n gi\u00e0u c\u00f3 nh\u1ea5t v\u00e0 t\u1eadn h\u01b0\u1edfng c\u00e1c m\u1eb7t h\u00e0ng c\u1ee7a ch\u00fang t\u00f4i.<\/span><\/h4>\t\t\t\t\t\t<\/div>\n\t\t\t\t<\/div>\n\t\t\t\t\t<\/div>\n\t\t<\/div>\n\t\t\t\t\t<\/div>\n\t\t<\/section>\n\t\t\t\t<\/div>","protected":false},"excerpt":{"rendered":"<p>B\u01b0\u1edbc 1: Chia s\u1ebb b\u00e0i \u0111\u0103ng n\u00e0y \u0111\u1ec3 Nh\u1eadn phi\u1ebfu gi\u1ea3m gi\u00e1 \u0111\u1eb7c bi\u1ec7t c\u1ee7a b\u1ea1n Chia s\u1ebb tr\u00ean facebook Chia s\u1ebb tr\u00ean twitter Chia s\u1ebb tr\u00ean linkedin Chia s\u1ebb tr\u00ean email Chia s\u1ebb tr\u00ean tumblr Chia s\u1ebb tr\u00ean reddit Chia s\u1ebb tr\u00ean telegram Chia s\u1ebb tr\u00ean pinterest Chia s\u1ebb tr\u00ean whatsapp Chia s\u1ebb tr\u00ean weixin B\u1ea4M V\u00c0O \u0110\u00c2Y \u0110\u1ec2 NH\u1eacN COUPON FREEMASK2021 L\u01b0u \u00fd: B\u1ea1n m\u1ed7i ng\u01b0\u1eddi ch\u1ec9 \u0111\u01b0\u1ee3c s\u1eed d\u1ee5ng m\u1ed9t l\u1ea7n. B\u01b0\u01a1c [\u2026]<\/p>","protected":false},"author":1,"featured_media":0,"parent":0,"menu_order":0,"comment_status":"closed","ping_status":"closed","template":"","meta":{"_acf_changed":false,"footnotes":""},"acf":[],"_links":{"self":[{"href":"https:\/\/danganronpamerch.com\/vi\/wp-json\/wp\/v2\/pages\/7079"}],"collection":[{"href":"https:\/\/danganronpamerch.com\/vi\/wp-json\/wp\/v2\/pages"}],"about":[{"href":"https:\/\/danganronpamerch.com\/vi\/wp-json\/wp\/v2\/types\/page"}],"author":[{"embeddable":true,"href":"https:\/\/danganronpamerch.com\/vi\/wp-json\/wp\/v2\/users\/1"}],"replies":[{"embeddable":true,"href":"https:\/\/danganronpamerch.com\/vi\/wp-json\/wp\/v2\/comments?post=7079"}],"version-history":[{"count":0,"href":"https:\/\/danganronpamerch.com\/vi\/wp-json\/wp\/v2\/pages\/7079\/revisions"}],"wp:attachment":[{"href":"https:\/\/danganronpamerch.com\/vi\/wp-json\/wp\/v2\/media?parent=7079"}],"curies":[{"name":"wp","href":"https:\/\/api.w.org\/{rel}","templated":true}]}}