{"id":14145,"date":"2021-10-20T16:21:02","date_gmt":"2021-10-20T09:21:02","guid":{"rendered":"https:\/\/danganronpamerch.com\/?page_id=14145"},"modified":"2021-10-20T16:21:02","modified_gmt":"2021-10-20T09:21:02","slug":"payment-terms","status":"publish","type":"page","link":"https:\/\/danganronpamerch.com\/vi\/dieu-khoan-thanh-toan\/","title":{"rendered":"\u0110i\u1ec1u kho\u1ea3n thanh to\u00e1n"},"content":{"rendered":"<ol>\n<li><b>Thanh to\u00e1n b\u1eb1ng th\u1ebb t\u00edn d\u1ee5ng \/ th\u1ebb ghi n\u1ee3<\/b><\/li>\n<\/ol>\n<p><span style=\"font-weight: 400;\">C\u00e1c t\u00f9y ch\u1ecdn th\u1ebb t\u00edn d\u1ee5ng \/ th\u1ebb ghi n\u1ee3 c\u00f3 s\u1eb5n \u0111\u01b0\u1ee3c li\u1ec7t k\u00ea b\u00ean d\u01b0\u1edbi.<\/span><\/p>\n<p><img fetchpriority=\"high\" decoding=\"async\" class=\"alignnone size-full wp-image-9641\" src=\"https:\/\/chaseatlantic.store\/wp-content\/uploads\/2021\/10\/Pay-with-Credit-Debit-Card.jpg\" alt=\"-\" width=\"1437\" height=\"146\" title=\"-\"><\/p>\n<p><span style=\"font-weight: 400;\">Giao d\u1ecbch n\u00e0y \u0111\u01b0\u1ee3c b\u1ea3o m\u1eadt v\u00e0 m\u00e3 h\u00f3a m\u1ea1nh m\u1ebd b\u1edfi <\/span><a href=\"https:\/\/stripe.com\/\" target=\"_blank\" rel=\"noopener\"><span style=\"font-weight: 400;\">Va\u0323ch so\u0323c<\/span><\/a><span style=\"font-weight: 400;\">.<\/span><\/p>\n<p><span style=\"font-weight: 400;\">Xin l\u01b0u \u00fd r\u1eb1ng <\/span><strong>C\u1eecA H\u00c0NG DANGANRONPA <\/strong><span style=\"font-weight: 400;\">kh\u00f4ng thu th\u1eadp s\u1ed1 th\u1ebb t\u00edn d\u1ee5ng \/ th\u1ebb ghi n\u1ee3 ho\u1eb7c th\u00f4ng tin c\u00e1 nh\u00e2n c\u1ee7a b\u1ea1n khi b\u1ea1n thanh to\u00e1n. \u0110\u1ed1i v\u1edbi c\u00e1c c\u00e2u h\u1ecfi li\u00ean quan \u0111\u1ebfn giao d\u1ecbch c\u1ee7a b\u1ea1n tr\u00ean trang web c\u1ee7a ch\u00fang t\u00f4i, vui l\u00f2ng tham kh\u1ea3o \u00fd ki\u1ebfn ng\u00e2n h\u00e0ng ph\u00e1t h\u00e0nh th\u1ebb c\u1ee7a b\u1ea1n \u0111\u1ec3 bi\u1ebft th\u00f4ng tin.<\/span><\/p>\n<p><span style=\"font-weight: 400;\">B\u1ea1n c\u0169ng s\u1eed d\u1ee5ng Apple Pay n\u1ebfu b\u1ea1n \u0111ang s\u1eed d\u1ee5ng c\u00e1c thi\u1ebft b\u1ecb c\u1ee7a Apple.<\/span><\/p>\n<ol start=\"2\">\n<li><b>Thanh to\u00e1n b\u1eb1ng PayPal<\/b><\/li>\n<\/ol>\n<p><img decoding=\"async\" class=\"alignnone size-medium wp-image-9643\" src=\"https:\/\/chaseatlantic.store\/wp-content\/uploads\/2021\/10\/pay-with-paypal-300x117.png\" alt=\"-\" width=\"300\" height=\"117\" title=\"-\"><\/p>\n<p><span style=\"font-weight: 400;\">Khi \u0111\u1eb7t h\u00e0ng v\u1edbi PayPal, b\u1ea1n s\u1ebd \u0111\u01b0\u1ee3c chuy\u1ec3n h\u01b0\u1edbng \u0111\u1ebfn trang thanh to\u00e1n PayPal, n\u01a1i b\u1ea1n c\u00f3 th\u1ec3 x\u00e1c nh\u1eadn thanh to\u00e1n c\u1ee7a m\u00ecnh b\u1eb1ng c\u00e1ch \u0111\u0103ng nh\u1eadp b\u1eb1ng t\u00ean ng\u01b0\u1eddi d\u00f9ng v\u00e0 m\u1eadt kh\u1ea9u PayPal c\u1ee7a m\u00ecnh.<\/span><\/p>\n<p><span style=\"font-weight: 400;\">B\u1ea1n v\u1eabn c\u00f3 th\u1ec3 thanh to\u00e1n ngay c\u1ea3 khi kh\u00f4ng c\u00f3 t\u00e0i kho\u1ea3n PayPal. \u0110\u1ec3 l\u00e0m nh\u01b0 v\u1eady, vui l\u00f2ng nh\u1ea5p v\u00e0o \u201cThanh to\u00e1n b\u1eb1ng th\u1ebb ghi n\u1ee3 \/ th\u1ebb t\u00edn d\u1ee5ng\u201d trong trang thanh to\u00e1n PayPal v\u00e0 b\u1ea1n s\u1ebd \u0111\u01b0\u1ee3c chuy\u1ec3n h\u01b0\u1edbng \u0111\u1ebfn trang b\u1ea3o m\u1eadt n\u01a1i b\u1ea1n c\u00f3 th\u1ec3 nh\u1eadp th\u00f4ng tin th\u1ebb t\u00edn d\u1ee5ng c\u1ee7a m\u00ecnh ho\u1eb7c ho\u00e0n t\u1ea5t thanh to\u00e1n m\u1ed9t c\u00e1ch an to\u00e0n qua PayPal.<\/span><\/p>\n<ol start=\"3\">\n<li><b>\u00c1p d\u1ee5ng \u201cM\u00e3 phi\u1ebfu th\u01b0\u1edfng\u201d v\u00e0 \u201c\u0110i\u1ec3m th\u01b0\u1edfng\u201d<\/b><\/li>\n<\/ol>\n<p><span style=\"font-weight: 400;\">B\u1ea1n c\u00f3 th\u1ec3 \u00e1p d\u1ee5ng m\u00e3 phi\u1ebfu gi\u1ea3m gi\u00e1 v\u00e0 \u0111i\u1ec3m th\u01b0\u1edfng cho \u0111\u01a1n h\u00e0ng c\u1ee7a m\u00ecnh l\u00fac thanh to\u00e1n. Khi b\u1ea1n \u0111\u00e3 nh\u1eadp m\u00e3 phi\u1ebfu gi\u1ea3m gi\u00e1 v\u00e0 \u0111i\u1ec3m th\u01b0\u1edfng, h\u00e3y nh\u1ea5p v\u00e0o \u201c\u00c1P D\u1ee4NG\u201d v\u00e0 t\u1ed5ng \u0111\u01a1n \u0111\u1eb7t h\u00e0ng c\u1ee7a b\u1ea1n s\u1ebd c\u1eadp nh\u1eadt \u0111\u1ec3 ph\u1ea3n \u00e1nh s\u1ed1 ti\u1ec1n chi\u1ebft kh\u1ea5u. Xin l\u01b0u \u00fd r\u1eb1ng n\u1ebfu b\u1ea1n kh\u00f4ng nh\u1ea5p v\u00e0o \u201c\u00c1P D\u1ee4NG\u201d tr\u01b0\u1edbc khi ti\u1ebfp t\u1ee5c thanh to\u00e1n, m\u00e3 phi\u1ebfu th\u01b0\u1edfng v\u00e0 \u0111i\u1ec3m th\u01b0\u1edfng b\u1ea1n \u0111\u00e3 nh\u1eadp s\u1ebd kh\u00f4ng \u0111\u01b0\u1ee3c \u00e1p d\u1ee5ng.<\/span><\/p>\n<p><em><strong>L\u01afU \u00dd:<\/strong><\/em><\/p>\n<p><span style=\"font-weight: 400;\">H\u00e3y ch\u1eafc ch\u1eafn r\u1eb1ng b\u1ea1n nh\u1eadp ch\u00ednh x\u00e1c m\u00e3 phi\u1ebfu gi\u1ea3m gi\u00e1, kh\u00f4ng c\u00f3 kho\u1ea3ng tr\u1eafng tr\u01b0\u1edbc, trong ho\u1eb7c sau m\u00e3.<\/span><span style=\"font-weight: 400;\">Phi\u1ebfu gi\u1ea3m gi\u00e1 kh\u00f4ng th\u1ec3 \u0111\u01b0\u1ee3c k\u1ebft h\u1ee3p. B\u1ea1n ch\u1ec9 c\u00f3 th\u1ec3 \u00e1p d\u1ee5ng m\u1ed9t m\u00e3 phi\u1ebfu gi\u1ea3m gi\u00e1 cho m\u1ed7i \u0111\u01a1n h\u00e0ng.<\/span><\/p>\n<p><span style=\"font-weight: 400;\">\u00c1p d\u1ee5ng phi\u1ebfu gi\u1ea3m gi\u00e1 tr\u01b0\u1edbc ng\u00e0y h\u1ebft h\u1ea1n - ng\u00e0y h\u1ebft h\u1ea1n s\u1ebd \u0111\u01b0\u1ee3c ghi r\u00f5 khi phi\u1ebfu \u0111\u01b0\u1ee3c ph\u00e1t cho b\u1ea1n.<\/span><\/p>\n<p><span style=\"font-weight: 400;\">Phi\u1ebfu gi\u1ea3m gi\u00e1 c\u00f3 th\u1ec3 y\u00eau c\u1ea7u m\u1ed9t l\u1ea7n mua t\u1ed1i thi\u1ec3u.<\/span><\/p>\n<p><span style=\"font-weight: 400;\">M\u1ed9t s\u1ed1 phi\u1ebfu gi\u1ea3m gi\u00e1 ch\u1ec9 \u00e1p d\u1ee5ng cho c\u00e1c s\u1ea3n ph\u1ea9m c\u1ee5 th\u1ec3 ho\u1eb7c lo\u1ea1i tr\u1eeb c\u00e1c s\u1ea3n ph\u1ea9m \u0111\u01b0\u1ee3c ch\u1ec9 \u0111\u1ecbnh.<\/span><\/p>\n<p><span style=\"font-weight: 400;\">Phi\u1ebfu gi\u1ea3m gi\u00e1 ch\u1ec9 c\u00f3 th\u1ec3 \u0111\u01b0\u1ee3c \u00e1p d\u1ee5ng m\u1ed9t l\u1ea7n.\u00a0<\/span><\/p>","protected":false},"excerpt":{"rendered":"<p>Thanh to\u00e1n b\u1eb1ng th\u1ebb t\u00edn d\u1ee5ng \/ th\u1ebb ghi n\u1ee3 C\u00e1c t\u00f9y ch\u1ecdn th\u1ebb t\u00edn d\u1ee5ng \/ th\u1ebb ghi n\u1ee3 kh\u1ea3 d\u1ee5ng \u0111\u01b0\u1ee3c li\u1ec7t k\u00ea b\u00ean d\u01b0\u1edbi. Giao d\u1ecbch n\u00e0y \u0111\u01b0\u1ee3c b\u1ea3o m\u1eadt v\u00e0 m\u00e3 h\u00f3a m\u1ea1nh m\u1ebd b\u1edfi Stripe. Xin l\u01b0u \u00fd r\u1eb1ng DANGANRONPA STORE kh\u00f4ng thu th\u1eadp s\u1ed1 th\u1ebb t\u00edn d\u1ee5ng \/ th\u1ebb ghi n\u1ee3 ho\u1eb7c th\u00f4ng tin c\u00e1 nh\u00e2n c\u1ee7a b\u1ea1n khi b\u1ea1n thanh to\u00e1n. \u0110\u1ed1i v\u1edbi c\u00e1c c\u00e2u h\u1ecfi li\u00ean quan \u0111\u1ebfn c\u00e1c giao d\u1ecbch c\u1ee7a b\u1ea1n tr\u00ean trang web c\u1ee7a ch\u00fang t\u00f4i, vui l\u00f2ng tham kh\u1ea3o \u00fd ki\u1ebfn ng\u00e2n h\u00e0ng ph\u00e1t h\u00e0nh th\u1ebb c\u1ee7a b\u1ea1n \u0111\u1ec3 [\u2026]<\/p>","protected":false},"author":1,"featured_media":0,"parent":0,"menu_order":0,"comment_status":"closed","ping_status":"closed","template":"","meta":{"_acf_changed":false,"footnotes":""},"acf":[],"_links":{"self":[{"href":"https:\/\/danganronpamerch.com\/vi\/wp-json\/wp\/v2\/pages\/14145"}],"collection":[{"href":"https:\/\/danganronpamerch.com\/vi\/wp-json\/wp\/v2\/pages"}],"about":[{"href":"https:\/\/danganronpamerch.com\/vi\/wp-json\/wp\/v2\/types\/page"}],"author":[{"embeddable":true,"href":"https:\/\/danganronpamerch.com\/vi\/wp-json\/wp\/v2\/users\/1"}],"replies":[{"embeddable":true,"href":"https:\/\/danganronpamerch.com\/vi\/wp-json\/wp\/v2\/comments?post=14145"}],"version-history":[{"count":0,"href":"https:\/\/danganronpamerch.com\/vi\/wp-json\/wp\/v2\/pages\/14145\/revisions"}],"wp:attachment":[{"href":"https:\/\/danganronpamerch.com\/vi\/wp-json\/wp\/v2\/media?parent=14145"}],"curies":[{"name":"wp","href":"https:\/\/api.w.org\/{rel}","templated":true}]}}