{"id":14148,"date":"2021-10-20T16:23:14","date_gmt":"2021-10-20T09:23:14","guid":{"rendered":"https:\/\/danganronpamerch.com\/?page_id=14148"},"modified":"2021-10-20T16:23:14","modified_gmt":"2021-10-20T09:23:14","slug":"shipping-delivery-policies","status":"publish","type":"page","link":"https:\/\/danganronpamerch.com\/fr\/expedition-livraison-politiques\/","title":{"rendered":"Politiques d&#039;exp\u00e9dition et de livraison"},"content":{"rendered":"<p><img fetchpriority=\"high\" decoding=\"async\" class=\"wp-image-9646 aligncenter\" src=\"https:\/\/chaseatlantic.store\/wp-content\/uploads\/2021\/10\/Our-Partners-1.jpg\" alt=\"-\" width=\"636\" height=\"212\" title=\"-\"><\/p>\n<p><img decoding=\"async\" class=\"wp-image-9647 aligncenter\" src=\"https:\/\/chaseatlantic.store\/wp-content\/uploads\/2021\/10\/Our-Partners.jpg\" alt=\"-\" width=\"630\" height=\"210\" title=\"-\"><\/p>\n<p><span style=\"font-weight: 400;\">Donc, vous avez command\u00e9 des produits fandom de <strong>BOUTIQUE DANGANRONPA<\/strong><\/span><b>.<\/b><span style=\"font-weight: 400;\"> F\u00e9licitations! Un forfait super g\u00e9nial est maintenant en route vers vous\u00a0!<\/span><\/p>\n<p><span style=\"font-weight: 400;\">Gr\u00e2ce \u00e0 nos incroyables partenariats avec des andro\u00efdes extraterrestres super intelligents, nos partenaires de messagerie, nos options d&#039;exp\u00e9dition sont garanties d&#039;\u00eatre abordables pour vous.<\/span><\/p>\n<p><span style=\"font-weight: 400;\">Peu importe o\u00f9 vous \u00eates non plus : nous exp\u00e9dions <\/span><b>\u00e0 l&#039;\u00e9chelle mondiale<\/b><span style=\"font-weight: 400;\">, pour que vous puissiez profiter de nos produits exclusifs <\/span><i><span style=\"font-weight: 400;\">partout<\/span><\/i><span style=\"font-weight: 400;\"> vous \u00eates dans le monde (\u00e0 moins, bien s\u00fbr, que vous viviez dans une autre dimension ou dans une \u00e9cole de magie qui ne sera pas nomm\u00e9e).<\/span><\/p>\n<p><strong>TEMPS DE TRAITEMENT<\/strong><\/p>\n<p><span style=\"font-weight: 400;\">Nous sommes une entreprise d&#039;impression \u00e0 la demande, veuillez donc autoriser <\/span><b>3 \u00e0 5 jours ouvrables de temps de traitement <\/b><span style=\"font-weight: 400;\">en fonction du type de produit et de notre volume actuel avant l&#039;exp\u00e9dition de votre commande. Il faut du temps \u00e0 nos moutons en microfibre-polyester pour nous lainer afin de produire des produits personnalis\u00e9s incroyables qui vous conviennent parfaitement.<\/span><\/p>\n<p><span style=\"font-weight: 400;\">Les commandes pass\u00e9es pendant les jours f\u00e9ri\u00e9s et les week-ends seront trait\u00e9es dans les jours ouvrables suivants.<\/span><\/p>\n<p><span style=\"font-weight: 400;\">Veuillez noter que la livraison des commandes avec plus d&#039;un article peut \u00eatre exp\u00e9di\u00e9e \u00e0 des dates diff\u00e9rentes en fonction de la disponibilit\u00e9 des stocks.<\/span><\/p>\n<p><strong>EXP\u00c9DITION STANDARD<\/strong><\/p>\n<p><span style=\"font-weight: 400;\">D\u00e9lai d&#039;exp\u00e9dition pour la commande :<\/span><\/p>\n<ul>\n<li style=\"font-weight: 400;\" aria-level=\"1\"><span style=\"font-weight: 400;\">Normalement, il faut 5 \u00e0 15 jours ouvrables pour livrer le colis aux \u00c9tats-Unis.<\/span><\/li>\n<li style=\"font-weight: 400;\" aria-level=\"1\"><span style=\"font-weight: 400;\">Pour les clients d&#039;autres pays, veuillez pr\u00e9voir 15 \u00e0 20 jours ouvrables de d\u00e9lai d&#039;exp\u00e9dition.<\/span><\/li>\n<li style=\"font-weight: 400;\" aria-level=\"1\"><span style=\"font-weight: 400;\">En raison de la pand\u00e9mie de Covid 19, le d\u00e9lai de livraison peut prendre plusieurs jours suppl\u00e9mentaires<\/span><\/li>\n<\/ul>\n<p><span style=\"font-weight: 400;\">** Notez \u00e9galement que pendant les vacances du Nouvel An chinois, les d\u00e9lais d&#039;exp\u00e9dition devraient \u00eatre retard\u00e9s de 5 \u00e0 7 jours ouvrables. Nous nous excusons pour tout d\u00e9rangement que cela pourrait causer.**<\/span><\/p>\n<p><span style=\"font-weight: 400;\">NOUS PROPOSONS DES OPTIONS RAPIDE POUR LES CLIENTS. CONTACTEZ JUSTE NOTRE PERSONNEL D&#039;ASSISTANCE PAR E-MAIL\u00a0: <\/span><a href=\"mailto:contact@danganronpamerch.com\"><span style=\"font-weight: 400;\">contact@danganronpamerch.com<\/span><\/a><\/p>\n<p><span style=\"font-weight: 400;\">ET NOUS VOUS GUIDERONS EN CONS\u00c9QUENCE. <\/span><\/p>","protected":false},"excerpt":{"rendered":"<p>Vous avez donc command\u00e9 des produits fandom de DANGANRONPA STORE. F\u00e9licitations! Un forfait super g\u00e9nial est maintenant en route vers vous\u00a0! Gr\u00e2ce \u00e0 nos incroyables partenariats avec des andro\u00efdes extraterrestres super intelligents, nos partenaires de messagerie, nos options d&#039;exp\u00e9dition sont garanties d&#039;\u00eatre abordables pour vous. Peu importe o\u00f9 vous vous trouvez non plus : nous exp\u00e9dions dans le monde entier, vous pouvez donc profiter de notre [\u2026]<\/p>","protected":false},"author":1,"featured_media":0,"parent":0,"menu_order":0,"comment_status":"closed","ping_status":"closed","template":"","meta":{"_acf_changed":false,"footnotes":""},"acf":[],"_links":{"self":[{"href":"https:\/\/danganronpamerch.com\/fr\/wp-json\/wp\/v2\/pages\/14148"}],"collection":[{"href":"https:\/\/danganronpamerch.com\/fr\/wp-json\/wp\/v2\/pages"}],"about":[{"href":"https:\/\/danganronpamerch.com\/fr\/wp-json\/wp\/v2\/types\/page"}],"author":[{"embeddable":true,"href":"https:\/\/danganronpamerch.com\/fr\/wp-json\/wp\/v2\/users\/1"}],"replies":[{"embeddable":true,"href":"https:\/\/danganronpamerch.com\/fr\/wp-json\/wp\/v2\/comments?post=14148"}],"version-history":[{"count":0,"href":"https:\/\/danganronpamerch.com\/fr\/wp-json\/wp\/v2\/pages\/14148\/revisions"}],"wp:attachment":[{"href":"https:\/\/danganronpamerch.com\/fr\/wp-json\/wp\/v2\/media?parent=14148"}],"curies":[{"name":"wp","href":"https:\/\/api.w.org\/{rel}","templated":true}]}}