{"id":14145,"date":"2021-10-20T16:21:02","date_gmt":"2021-10-20T09:21:02","guid":{"rendered":"https:\/\/danganronpamerch.com\/?page_id=14145"},"modified":"2021-10-20T16:21:02","modified_gmt":"2021-10-20T09:21:02","slug":"payment-terms","status":"publish","type":"page","link":"https:\/\/danganronpamerch.com\/de\/zahlungsbedingungen\/","title":{"rendered":"Zahlungsbedingungen"},"content":{"rendered":"<ol>\n<li><b>Bezahlen Sie mit Kredit-\/Debitkarte<\/b><\/li>\n<\/ol>\n<p><span style=\"font-weight: 400;\">Die verf\u00fcgbaren Kredit-\/Debitkartenoptionen sind unten aufgef\u00fchrt.<\/span><\/p>\n<p><img fetchpriority=\"high\" decoding=\"async\" class=\"alignnone size-full wp-image-9641\" src=\"https:\/\/chaseatlantic.store\/wp-content\/uploads\/2021\/10\/Pay-with-Credit-Debit-Card.jpg\" alt=\"-\" width=\"1437\" height=\"146\" title=\"-\"><\/p>\n<p><span style=\"font-weight: 400;\">Diese Transaktion ist stark gesichert und verschl\u00fcsselt durch <\/span><a href=\"https:\/\/stripe.com\/\" target=\"_blank\" rel=\"noopener\"><span style=\"font-weight: 400;\">Streifen<\/span><\/a><span style=\"font-weight: 400;\">.<\/span><\/p>\n<p><span style=\"font-weight: 400;\">Bitte beachte, dass <\/span><strong>DANGANRONPA-SPEICHER <\/strong><span style=\"font-weight: 400;\">erfasst nicht Ihre Kredit-\/Debitkartennummer oder pers\u00f6nliche Informationen, wenn Sie eine Zahlung vornehmen. Wenden Sie sich bei Fragen zu Ihren Transaktionen auf unserer Website bitte an Ihre kartenausgebende Bank.<\/span><\/p>\n<p><span style=\"font-weight: 400;\">Sie verwenden Apple Pay auch, wenn Sie Apple-Ger\u00e4te verwenden.<\/span><\/p>\n<ol start=\"2\">\n<li><b>Zahlen Sie mit PayPal<\/b><\/li>\n<\/ol>\n<p><img decoding=\"async\" class=\"alignnone size-medium wp-image-9643\" src=\"https:\/\/chaseatlantic.store\/wp-content\/uploads\/2021\/10\/pay-with-paypal-300x117.png\" alt=\"-\" width=\"300\" height=\"117\" title=\"-\"><\/p>\n<p><span style=\"font-weight: 400;\">Wenn Sie eine Bestellung bei PayPal aufgeben, werden Sie auf die PayPal-Zahlungsseite weitergeleitet, wo Sie Ihre Zahlung best\u00e4tigen k\u00f6nnen, indem Sie sich mit Ihrem PayPal-Benutzernamen und Passwort anmelden.<\/span><\/p>\n<p><span style=\"font-weight: 400;\">Sie k\u00f6nnen auch ohne PayPal-Konto zur Kasse gehen. Klicken Sie dazu auf der PayPal-Zahlungsseite auf \u201eMit Debit-\/Kreditkarte bezahlen\u201c und Sie werden auf eine sichere Seite weitergeleitet, auf der Sie Ihre Kreditkarteninformationen eingeben oder Ihre Zahlung sicher \u00fcber PayPal abschlie\u00dfen k\u00f6nnen.<\/span><\/p>\n<ol start=\"3\">\n<li><b>Wenden Sie \u201eGutscheincodes\u201c und \u201eBonuspunkte\u201c an<\/b><\/li>\n<\/ol>\n<p><span style=\"font-weight: 400;\">Sie k\u00f6nnen Gutscheincodes und Bonuspunkte an der Kasse auf Ihre Bestellung anwenden. Nachdem Sie Ihren Gutscheincode und Ihre Bonuspunkte eingegeben haben, klicken Sie auf \u201eANWENDEN\u201c und Ihre Bestellsumme wird aktualisiert, um den Rabattbetrag widerzuspiegeln. Bitte beachten Sie, dass der eingegebene Gutscheincode und die eingegebenen Bonuspunkte nicht angewendet werden, wenn Sie nicht auf \u201eANWENDEN\u201c klicken, bevor Sie zur Kasse gehen.<\/span><\/p>\n<p><em><strong>ANMERKUNGEN:<\/strong><\/em><\/p>\n<p><span style=\"font-weight: 400;\">Bitte stellen Sie sicher, dass Sie den Gutscheincode korrekt eingeben, ohne Leerzeichen davor, darin oder danach.<\/span><span style=\"font-weight: 400;\">Gutscheine k\u00f6nnen nicht kombiniert werden. Sie k\u00f6nnen nur einen Gutscheincode pro Bestellung anwenden.<\/span><\/p>\n<p><span style=\"font-weight: 400;\">Wenden Sie den Coupon vor seinem Ablaufdatum an \u2013 das Ablaufdatum wird deutlich angegeben, wenn der Coupon an Sie ausgestellt wird.<\/span><\/p>\n<p><span style=\"font-weight: 400;\">Gutscheine k\u00f6nnen einen Mindestkauf erfordern.<\/span><\/p>\n<p><span style=\"font-weight: 400;\">Einige Coupons gelten nur f\u00fcr bestimmte Produkte oder schlie\u00dfen bestimmte Produkte aus.<\/span><\/p>\n<p><span style=\"font-weight: 400;\">Ein Gutschein kann nur einmal eingel\u00f6st werden.\u00a0<\/span><\/p>","protected":false},"excerpt":{"rendered":"<p>Bezahlen mit Kredit-\/Debitkarte Die verf\u00fcgbaren Kredit-\/Debitkartenoptionen sind unten aufgef\u00fchrt. Diese Transaktion wird von Stripe stark gesichert und verschl\u00fcsselt. Bitte beachten Sie, dass DANGANRONPA STORE Ihre Kredit-\/Debitkartennummer oder pers\u00f6nliche Informationen nicht erfasst, wenn Sie eine Zahlung vornehmen. Wenden Sie sich bei Fragen zu Ihren Transaktionen auf unserer Website bitte an Ihre kartenausgebende Bank, um [\u2026]<\/p>","protected":false},"author":1,"featured_media":0,"parent":0,"menu_order":0,"comment_status":"closed","ping_status":"closed","template":"","meta":{"_acf_changed":false,"footnotes":""},"acf":[],"_links":{"self":[{"href":"https:\/\/danganronpamerch.com\/de\/wp-json\/wp\/v2\/pages\/14145"}],"collection":[{"href":"https:\/\/danganronpamerch.com\/de\/wp-json\/wp\/v2\/pages"}],"about":[{"href":"https:\/\/danganronpamerch.com\/de\/wp-json\/wp\/v2\/types\/page"}],"author":[{"embeddable":true,"href":"https:\/\/danganronpamerch.com\/de\/wp-json\/wp\/v2\/users\/1"}],"replies":[{"embeddable":true,"href":"https:\/\/danganronpamerch.com\/de\/wp-json\/wp\/v2\/comments?post=14145"}],"version-history":[{"count":0,"href":"https:\/\/danganronpamerch.com\/de\/wp-json\/wp\/v2\/pages\/14145\/revisions"}],"wp:attachment":[{"href":"https:\/\/danganronpamerch.com\/de\/wp-json\/wp\/v2\/media?parent=14145"}],"curies":[{"name":"wp","href":"https:\/\/api.w.org\/{rel}","templated":true}]}}