{"id":14143,"date":"2021-10-20T16:19:33","date_gmt":"2021-10-20T09:19:33","guid":{"rendered":"https:\/\/danganronpamerch.com\/?page_id=14143"},"modified":"2021-10-20T16:19:33","modified_gmt":"2021-10-20T09:19:33","slug":"about-us","status":"publish","type":"page","link":"https:\/\/danganronpamerch.com\/de\/uber-uns\/","title":{"rendered":"\u00dcber uns"},"content":{"rendered":"<p><span style=\"color: #000000;\"><span style=\"font-weight: 400;\">Hier, um <\/span><strong>DANGANRONPA-SPEICHER<\/strong><span style=\"font-weight: 400;\">, wir sind besessen davon, Dinge zu erschaffen, von denen SIE besessen sind. Wir sind der perfekte Ort, um Kleidung und Merchandising-Artikel nach Ihren Favoriten zu finden <strong>DANGANRONPA-SPEICHER<\/strong><\/span><\/span><\/p>\n<p><span style=\"font-weight: 400; color: #000000;\">Aber wir sind nicht wie jeder andere Laden da drau\u00dfen. Wir k\u00fcmmern uns auch um den Kern unseres Gesch\u00e4fts: die Fans. Wir glauben, dass uns die Verbindung mit den Fans noch mehr Ideen gibt, die wir nutzen k\u00f6nnen, um noch erstaunlichere Artikel zu kreieren, die jeder lieben wird. <\/span><\/p>\n<p><span style=\"color: #000000;\"><b>Plus \u2013 dies stellt sicher, dass jedes einzelne Produkt in unserem Shop nirgendwo anders in diesem Universum zu finden ist!<\/b><\/span><\/p>\n<p><span style=\"color: #000000;\"><span style=\"font-weight: 400;\"><strong>DANGANRONPA-SPEICHER<\/strong> ist sowohl eine Community als auch ein Stand, um langweiliger Kleidung und Heimdekoration ein Ende zu bereiten. Unsere Mission ist es, Ihrer Kleidung und Heimkunst Leben einzuhauchen, so wie diese Shows, Filme und Spiele Ihren Alltag zum Leben erwecken. <\/span><\/span><\/p>\n<p><span style=\"font-weight: 400; color: #000000;\">Egal, ob Sie f\u00fcr sich selbst oder f\u00fcr einen geliebten Menschen einkaufen, Sie k\u00f6nnen sicher sein, dass wir die richtige Marke f\u00fcr Sie sind. Sie erhalten nicht nur coole Drucke \u2013 Sie erhalten auch einen exzellenten Kundenservice und eine hochwertige Fertigung\u2026 jedes Mal aufs Neue.<\/span><\/p>\n<p><span style=\"color: #000000;\"><em><span style=\"font-weight: 400;\">Viel Spa\u00df beim Einkaufen!<\/span><\/em><\/span><\/p>","protected":false},"excerpt":{"rendered":"<p>Hier im DANGANRONPA STORE sind wir besessen davon, Dinge zu kreieren, von denen SIE besessen sind. Wir sind der perfekte Ort, um Kleidung und Merch zu finden, die auf Ihrem Lieblings-DANGANRONPA-SHOP basieren. Aber wir sind nicht wie jeder andere Shop da drau\u00dfen. Wir k\u00fcmmern uns auch um den Kern unseres Gesch\u00e4fts: die Fans. Wir glauben, dass die Verbindung mit [\u2026]<\/p>","protected":false},"author":1,"featured_media":0,"parent":0,"menu_order":0,"comment_status":"closed","ping_status":"closed","template":"","meta":{"_acf_changed":false,"footnotes":""},"acf":[],"_links":{"self":[{"href":"https:\/\/danganronpamerch.com\/de\/wp-json\/wp\/v2\/pages\/14143"}],"collection":[{"href":"https:\/\/danganronpamerch.com\/de\/wp-json\/wp\/v2\/pages"}],"about":[{"href":"https:\/\/danganronpamerch.com\/de\/wp-json\/wp\/v2\/types\/page"}],"author":[{"embeddable":true,"href":"https:\/\/danganronpamerch.com\/de\/wp-json\/wp\/v2\/users\/1"}],"replies":[{"embeddable":true,"href":"https:\/\/danganronpamerch.com\/de\/wp-json\/wp\/v2\/comments?post=14143"}],"version-history":[{"count":0,"href":"https:\/\/danganronpamerch.com\/de\/wp-json\/wp\/v2\/pages\/14143\/revisions"}],"wp:attachment":[{"href":"https:\/\/danganronpamerch.com\/de\/wp-json\/wp\/v2\/media?parent=14143"}],"curies":[{"name":"wp","href":"https:\/\/api.w.org\/{rel}","templated":true}]}}